{"id":46,"date":"2023-11-11T00:29:28","date_gmt":"2023-11-11T00:29:28","guid":{"rendered":"https:\/\/sidradoranna.com.mx\/?page_id=46"},"modified":"2023-11-14T16:09:33","modified_gmt":"2023-11-14T16:09:33","slug":"nosotros","status":"publish","type":"page","link":"https:\/\/sidradoranna.com.mx\/index.php\/nosotros\/","title":{"rendered":"Nosotros"},"content":{"rendered":"<p>[et_pb_section fb_built=\u00bb1&#8243; _builder_version=\u00bb4.23.1&#8243; _module_preset=\u00bbdefault\u00bb background_color=\u00bb#474747&#8243; background_enable_image=\u00bboff\u00bb min_height=\u00bb139px\u00bb custom_padding=\u00bb0px||||false|false\u00bb module_alignment_tablet=\u00bb\u00bb module_alignment_phone=\u00bb\u00bb module_alignment_last_edited=\u00bbon|phone\u00bb global_colors_info=\u00bb{}\u00bb][et_pb_row _builder_version=\u00bb4.23.1&#8243; _module_preset=\u00bbdefault\u00bb global_colors_info=\u00bb{}\u00bb][et_pb_column type=\u00bb4_4&#8243; _builder_version=\u00bb4.23.1&#8243; _module_preset=\u00bbdefault\u00bb global_colors_info=\u00bb{}\u00bb][et_pb_image src=\u00bbhttps:\/\/sidradoranna.com.mx\/wp-content\/uploads\/2023\/11\/PORTADA-SIDRA-2020.png\u00bb title_text=\u00bbPORTADA SIDRA 2020&#8243; _builder_version=\u00bb4.23.1&#8243; _module_preset=\u00bbdefault\u00bb global_colors_info=\u00bb{}\u00bb][\/et_pb_image][\/et_pb_column][\/et_pb_row][et_pb_row _builder_version=\u00bb4.23.1&#8243; _module_preset=\u00bbdefault\u00bb][et_pb_column _builder_version=\u00bb4.23.1&#8243; _module_preset=\u00bbdefault\u00bb type=\u00bb4_4&#8243;][et_pb_heading title=\u00bbF\u00e1brica de Sidra\u00bb _builder_version=\u00bb4.23.1&#8243; _module_preset=\u00bbdefault\u00bb title_font=\u00bbJulius Sans One||||||||\u00bb title_text_align=\u00bbcenter\u00bb title_text_color=\u00bb#DFB758&#8243; hover_enabled=\u00bb0&#8243; sticky_enabled=\u00bb0&#8243;][\/et_pb_heading][\/et_pb_column][\/et_pb_row][\/et_pb_section][et_pb_section fb_built=\u00bb1&#8243; _builder_version=\u00bb4.23.1&#8243; _module_preset=\u00bbdefault\u00bb background_color=\u00bb#474747&#8243; custom_padding=\u00bb0px||||false|false\u00bb global_colors_info=\u00bb{}\u00bb][et_pb_row _builder_version=\u00bb4.23.1&#8243; _module_preset=\u00bbdefault\u00bb global_colors_info=\u00bb{}\u00bb][et_pb_column type=\u00bb4_4&#8243; _builder_version=\u00bb4.23.1&#8243; _module_preset=\u00bbdefault\u00bb global_colors_info=\u00bb{}\u00bb][et_pb_heading title=\u00bbAcerca de Sidra Doranna\u00bb _builder_version=\u00bb4.23.1&#8243; _module_preset=\u00bbdefault\u00bb title_level=\u00bbh2&#8243; title_text_align=\u00bbcenter\u00bb title_text_color=\u00bb#DFB758&#8243; global_colors_info=\u00bb{}\u00bb][\/et_pb_heading][et_pb_text _builder_version=\u00bb4.23.1&#8243; _module_preset=\u00bbdefault\u00bb text_text_color=\u00bb#DFB758&#8243; global_colors_info=\u00bb{}\u00bb]<\/p>\n<p>Heredero de una tradici\u00f3n en la industria sidrera, el Ingeniero Jos\u00e9 Manuel Fern\u00e1ndez Parra, continuando como tercera generaci\u00f3n que iniciara el Sr. Guillermo Fern\u00e1ndez Corona el 2 de febrero de 1952 produciendo y haciendo historia en el mercado de la sidra. <br \/>Hoy en d\u00eda, con toda esta experiencia detr\u00e1s, se fabrica, elabora, envasa, almacena y comercializa la nueva Sidra Doranna, con el respaldo y experiencia de m\u00e1s de 60 a\u00f1os de tradici\u00f3n.<\/p>\n<p>[\/et_pb_text][\/et_pb_column][\/et_pb_row][et_pb_row column_structure=\u00bb1_4,1_4,1_4,1_4&#8243; _builder_version=\u00bb4.23.1&#8243; _module_preset=\u00bbdefault\u00bb global_colors_info=\u00bb{}\u00bb][et_pb_column type=\u00bb1_4&#8243; _builder_version=\u00bb4.23.1&#8243; _module_preset=\u00bbdefault\u00bb global_colors_info=\u00bb{}\u00bb][et_pb_image src=\u00bbhttps:\/\/sidradoranna.com.mx\/wp-content\/uploads\/2023\/11\/SIDRA-ARTESANAL.jpg\u00bb title_text=\u00bbSIDRA ARTESANAL\u00bb _builder_version=\u00bb4.23.1&#8243; _module_preset=\u00bbdefault\u00bb global_colors_info=\u00bb{}\u00bb][\/et_pb_image][\/et_pb_column][et_pb_column type=\u00bb1_4&#8243; _builder_version=\u00bb4.23.1&#8243; _module_preset=\u00bbdefault\u00bb global_colors_info=\u00bb{}\u00bb][et_pb_image src=\u00bbhttps:\/\/sidradoranna.com.mx\/wp-content\/uploads\/2023\/11\/SIDRA-EN-MEXICO.jpg\u00bb title_text=\u00bbSIDRA EN MEXICO\u00bb _builder_version=\u00bb4.23.1&#8243; _module_preset=\u00bbdefault\u00bb global_colors_info=\u00bb{}\u00bb][\/et_pb_image][\/et_pb_column][et_pb_column type=\u00bb1_4&#8243; _builder_version=\u00bb4.23.1&#8243; _module_preset=\u00bbdefault\u00bb global_colors_info=\u00bb{}\u00bb][et_pb_image src=\u00bbhttps:\/\/sidradoranna.com.mx\/wp-content\/uploads\/2023\/11\/SIDRA-MEXICO.jpg\u00bb title_text=\u00bbSIDRA M\u00c9XICO\u00bb _builder_version=\u00bb4.23.1&#8243; _module_preset=\u00bbdefault\u00bb global_colors_info=\u00bb{}\u00bb][\/et_pb_image][\/et_pb_column][et_pb_column type=\u00bb1_4&#8243; _builder_version=\u00bb4.23.1&#8243; _module_preset=\u00bbdefault\u00bb global_colors_info=\u00bb{}\u00bb][et_pb_image src=\u00bbhttps:\/\/sidradoranna.com.mx\/wp-content\/uploads\/2023\/11\/sidra-puebla.jpg\u00bb title_text=\u00bbsidra puebla\u00bb _builder_version=\u00bb4.23.1&#8243; _module_preset=\u00bbdefault\u00bb global_colors_info=\u00bb{}\u00bb][\/et_pb_image][\/et_pb_column][\/et_pb_row][\/et_pb_section]<\/p>\n","protected":false},"excerpt":{"rendered":"<p>Heredero de una tradici\u00f3n en la industria sidrera, el Ingeniero Jos\u00e9 Manuel Fern\u00e1ndez Parra, continuando como tercera generaci\u00f3n que iniciara el Sr. Guillermo Fern\u00e1ndez Corona el 2 de febrero de 1952 produciendo y haciendo historia en el mercado de la sidra. Hoy en d\u00eda, con toda esta experiencia detr\u00e1s, se fabrica, elabora, envasa, almacena y [&hellip;]<\/p>\n","protected":false},"author":1,"featured_media":0,"parent":0,"menu_order":0,"comment_status":"closed","ping_status":"closed","template":"","meta":{"_et_pb_use_builder":"on","_et_pb_old_content":"","_et_gb_content_width":"","footnotes":""},"class_list":["post-46","page","type-page","status-publish","hentry"],"aioseo_notices":[],"_links":{"self":[{"href":"https:\/\/sidradoranna.com.mx\/index.php\/wp-json\/wp\/v2\/pages\/46","targetHints":{"allow":["GET"]}}],"collection":[{"href":"https:\/\/sidradoranna.com.mx\/index.php\/wp-json\/wp\/v2\/pages"}],"about":[{"href":"https:\/\/sidradoranna.com.mx\/index.php\/wp-json\/wp\/v2\/types\/page"}],"author":[{"embeddable":true,"href":"https:\/\/sidradoranna.com.mx\/index.php\/wp-json\/wp\/v2\/users\/1"}],"replies":[{"embeddable":true,"href":"https:\/\/sidradoranna.com.mx\/index.php\/wp-json\/wp\/v2\/comments?post=46"}],"version-history":[{"count":11,"href":"https:\/\/sidradoranna.com.mx\/index.php\/wp-json\/wp\/v2\/pages\/46\/revisions"}],"predecessor-version":[{"id":138,"href":"https:\/\/sidradoranna.com.mx\/index.php\/wp-json\/wp\/v2\/pages\/46\/revisions\/138"}],"wp:attachment":[{"href":"https:\/\/sidradoranna.com.mx\/index.php\/wp-json\/wp\/v2\/media?parent=46"}],"curies":[{"name":"wp","href":"https:\/\/api.w.org\/{rel}","templated":true}]}}