{"id":28,"date":"2023-11-11T00:05:53","date_gmt":"2023-11-11T00:05:53","guid":{"rendered":"https:\/\/sidradoranna.com.mx\/?page_id=28"},"modified":"2023-11-14T16:07:53","modified_gmt":"2023-11-14T16:07:53","slug":"mision-vision-y-valores","status":"publish","type":"page","link":"https:\/\/sidradoranna.com.mx\/index.php\/mision-vision-y-valores\/","title":{"rendered":"Misi\u00f3n, Visi\u00f3n y Valores"},"content":{"rendered":"<p>[et_pb_section fb_built=\u00bb1&#8243; _builder_version=\u00bb4.23.1&#8243; _module_preset=\u00bbdefault\u00bb background_color=\u00bb#474747&#8243; background_enable_image=\u00bboff\u00bb custom_padding=\u00bb0px||370px||false|false\u00bb global_colors_info=\u00bb{}\u00bb][et_pb_row _builder_version=\u00bb4.23.1&#8243; _module_preset=\u00bbdefault\u00bb global_colors_info=\u00bb{}\u00bb][et_pb_column type=\u00bb4_4&#8243; _builder_version=\u00bb4.23.1&#8243; _module_preset=\u00bbdefault\u00bb global_colors_info=\u00bb{}\u00bb][et_pb_image src=\u00bbhttps:\/\/sidradoranna.com.mx\/wp-content\/uploads\/2023\/11\/DORANNA-MISION.png\u00bb alt=\u00bbmisi\u00f3n, visi\u00f3n y valores Doranna\u00bb title_text=\u00bbDORANNA MISION\u00bb _builder_version=\u00bb4.23.1&#8243; _module_preset=\u00bbdefault\u00bb global_colors_info=\u00bb{}\u00bb][\/et_pb_image][\/et_pb_column][\/et_pb_row][et_pb_row _builder_version=\u00bb4.23.1&#8243; _module_preset=\u00bbdefault\u00bb][et_pb_column _builder_version=\u00bb4.23.1&#8243; _module_preset=\u00bbdefault\u00bb type=\u00bb4_4&#8243;][et_pb_heading title=\u00bbF\u00e1brica de Sidra\u00bb _builder_version=\u00bb4.23.1&#8243; _module_preset=\u00bbdefault\u00bb title_font=\u00bbJulius Sans One||||||||\u00bb title_text_align=\u00bbcenter\u00bb title_text_color=\u00bb#DFB758&#8243; hover_enabled=\u00bb0&#8243; sticky_enabled=\u00bb0&#8243;][\/et_pb_heading][\/et_pb_column][\/et_pb_row][\/et_pb_section][et_pb_section fb_built=\u00bb1&#8243; _builder_version=\u00bb4.23.1&#8243; _module_preset=\u00bbdefault\u00bb background_color=\u00bb#474747&#8243; custom_margin=\u00bb-357px|||||\u00bb custom_padding=\u00bb38px|||||\u00bb global_colors_info=\u00bb{}\u00bb][et_pb_row _builder_version=\u00bb4.23.1&#8243; _module_preset=\u00bbdefault\u00bb global_colors_info=\u00bb{}\u00bb][et_pb_column type=\u00bb4_4&#8243; _builder_version=\u00bb4.23.1&#8243; _module_preset=\u00bbdefault\u00bb global_colors_info=\u00bb{}\u00bb][et_pb_heading title=\u00bbMisi\u00f3n, Visi\u00f3n, Filosof\u00eda y Valores Doranna\u00bb _builder_version=\u00bb4.23.1&#8243; _module_preset=\u00bbdefault\u00bb title_level=\u00bbh2&#8243; title_text_align=\u00bbcenter\u00bb title_text_color=\u00bb#DFB758&#8243; hover_enabled=\u00bb0&#8243; title_font_size_tablet=\u00bb\u00bb title_font_size_phone=\u00bb20px\u00bb title_font_size_last_edited=\u00bbon|phone\u00bb global_colors_info=\u00bb{}\u00bb sticky_enabled=\u00bb0&#8243;][\/et_pb_heading][\/et_pb_column][\/et_pb_row][et_pb_row column_structure=\u00bb1_4,1_4,1_4,1_4&#8243; _builder_version=\u00bb4.23.1&#8243; _module_preset=\u00bbdefault\u00bb global_colors_info=\u00bb{}\u00bb][et_pb_column type=\u00bb1_4&#8243; _builder_version=\u00bb4.23.1&#8243; _module_preset=\u00bbdefault\u00bb global_colors_info=\u00bb{}\u00bb][et_pb_blurb title=\u00bbMISI\u00d3N\u00bb use_icon=\u00bbon\u00bb font_icon=\u00bb&#xf192;||fa||400&#8243; icon_color=\u00bb#DFB758&#8243; image_icon_width=\u00bb56px\u00bb _builder_version=\u00bb4.23.1&#8243; _module_preset=\u00bbdefault\u00bb header_level=\u00bbh3&#8243; header_font=\u00bb|700|||||||\u00bb header_text_color=\u00bb#DFB758&#8243; body_text_color=\u00bb#DFB758&#8243; header_font_size_tablet=\u00bb\u00bb header_font_size_phone=\u00bb13px\u00bb header_font_size_last_edited=\u00bbon|phone\u00bb global_colors_info=\u00bb{}\u00bb]<\/p>\n<p>Elaborar productos de alta calidad que capte la preferencia y la satisfacci\u00f3n de nuestros clientes y consumidores, manteniendo la innovaci\u00f3n de nuestros productos, proyectando un sano crecimiento de nuestra empresa, para contribuir al desarrollo social, econ\u00f3mico y ambiental en la regi\u00f3n.<\/p>\n<p>[\/et_pb_blurb][\/et_pb_column][et_pb_column type=\u00bb1_4&#8243; _builder_version=\u00bb4.23.1&#8243; _module_preset=\u00bbdefault\u00bb global_colors_info=\u00bb{}\u00bb][et_pb_blurb title=\u00bbVISI\u00d3N\u00bb use_icon=\u00bbon\u00bb font_icon=\u00bb&#xf21d;||fa||900&#8243; icon_color=\u00bb#DFB758&#8243; image_icon_width=\u00bb56px\u00bb _builder_version=\u00bb4.23.1&#8243; _module_preset=\u00bbdefault\u00bb header_level=\u00bbh3&#8243; header_font=\u00bb|700|||||||\u00bb header_text_color=\u00bb#DFB758&#8243; body_text_color=\u00bb#DFB758&#8243; global_colors_info=\u00bb{}\u00bb]<\/p>\n<p>Ser una empresa reconocida por su calidad, de constante crecimiento e innovaci\u00f3n, con la finalidad de conquistar nuevos mercados, para mantener el gusto y preferencia de nuestros consumidores.<\/p>\n<p>[\/et_pb_blurb][\/et_pb_column][et_pb_column type=\u00bb1_4&#8243; _builder_version=\u00bb4.23.1&#8243; _module_preset=\u00bbdefault\u00bb global_colors_info=\u00bb{}\u00bb][et_pb_blurb title=\u00bbFILOSOF\u00cdA\u00bb use_icon=\u00bbon\u00bb font_icon=\u00bb&#xf518;||fa||900&#8243; icon_color=\u00bb#DFB758&#8243; image_icon_width=\u00bb56px\u00bb _builder_version=\u00bb4.23.1&#8243; _module_preset=\u00bbdefault\u00bb header_level=\u00bbh3&#8243; header_font=\u00bb|700|||||||\u00bb header_text_color=\u00bb#DFB758&#8243; body_text_color=\u00bb#DFB758&#8243; global_colors_info=\u00bb{}\u00bb]<\/p>\n<p>El principal objetivo es que nuestros productos sean recordados por el momento en que fueron degustados, formar parte de los momentos \u00fanicos y familiares.<\/p>\n<p>[\/et_pb_blurb][\/et_pb_column][et_pb_column type=\u00bb1_4&#8243; _builder_version=\u00bb4.23.1&#8243; _module_preset=\u00bbdefault\u00bb global_colors_info=\u00bb{}\u00bb][et_pb_blurb title=\u00bbVALORES\u00bb use_icon=\u00bbon\u00bb font_icon=\u00bb&#xf0c0;||fa||900&#8243; icon_color=\u00bb#DFB758&#8243; image_icon_width=\u00bb56px\u00bb _builder_version=\u00bb4.23.1&#8243; _module_preset=\u00bbdefault\u00bb header_level=\u00bbh3&#8243; header_font=\u00bb|700|||||||\u00bb header_text_color=\u00bb#DFB758&#8243; body_text_color=\u00bb#DFB758&#8243; global_colors_info=\u00bb{}\u00bb]<\/p>\n<p>&#8211; Honestidad<br \/>&#8211; Respeto<br \/>&#8211; Puntualidad<br \/>&#8211; Confianza<br \/>&#8211; Perseverancia<\/p>\n<p>[\/et_pb_blurb][\/et_pb_column][\/et_pb_row][et_pb_row column_structure=\u00bb1_4,1_4,1_4,1_4&#8243; _builder_version=\u00bb4.23.1&#8243; _module_preset=\u00bbdefault\u00bb global_colors_info=\u00bb{}\u00bb][et_pb_column type=\u00bb1_4&#8243; _builder_version=\u00bb4.23.1&#8243; _module_preset=\u00bbdefault\u00bb global_colors_info=\u00bb{}\u00bb][et_pb_image src=\u00bbhttps:\/\/sidradoranna.com.mx\/wp-content\/uploads\/2023\/11\/NATURAL-GIGANTE.jpg\u00bb title_text=\u00bbNATURAL GIGANTE\u00bb _builder_version=\u00bb4.23.1&#8243; _module_preset=\u00bbdefault\u00bb global_colors_info=\u00bb{}\u00bb][\/et_pb_image][\/et_pb_column][et_pb_column type=\u00bb1_4&#8243; _builder_version=\u00bb4.23.1&#8243; _module_preset=\u00bbdefault\u00bb global_colors_info=\u00bb{}\u00bb][et_pb_image src=\u00bbhttps:\/\/sidradoranna.com.mx\/wp-content\/uploads\/2023\/11\/ROSADA-GIGANTE.jpg\u00bb title_text=\u00bbROSADA GIGANTE\u00bb _builder_version=\u00bb4.23.1&#8243; _module_preset=\u00bbdefault\u00bb global_colors_info=\u00bb{}\u00bb][\/et_pb_image][\/et_pb_column][et_pb_column type=\u00bb1_4&#8243; _builder_version=\u00bb4.23.1&#8243; _module_preset=\u00bbdefault\u00bb global_colors_info=\u00bb{}\u00bb][et_pb_image src=\u00bbhttps:\/\/sidradoranna.com.mx\/wp-content\/uploads\/2023\/11\/DORANNA-NATURAL.jpg\u00bb title_text=\u00bbDORANNA NATURAL\u00bb _builder_version=\u00bb4.23.1&#8243; _module_preset=\u00bbdefault\u00bb global_colors_info=\u00bb{}\u00bb][\/et_pb_image][\/et_pb_column][et_pb_column type=\u00bb1_4&#8243; _builder_version=\u00bb4.23.1&#8243; _module_preset=\u00bbdefault\u00bb global_colors_info=\u00bb{}\u00bb][et_pb_image src=\u00bbhttps:\/\/sidradoranna.com.mx\/wp-content\/uploads\/2023\/11\/SIDRA-EN-PUEBLA.jpg\u00bb title_text=\u00bbSIDRA EN PUEBLA\u00bb _builder_version=\u00bb4.23.1&#8243; _module_preset=\u00bbdefault\u00bb global_colors_info=\u00bb{}\u00bb][\/et_pb_image][\/et_pb_column][\/et_pb_row][\/et_pb_section]<\/p>\n","protected":false},"excerpt":{"rendered":"<p>Elaborar productos de alta calidad que capte la preferencia y la satisfacci\u00f3n de nuestros clientes y consumidores, manteniendo la innovaci\u00f3n de nuestros productos, proyectando un sano crecimiento de nuestra empresa, para contribuir al desarrollo social, econ\u00f3mico y ambiental en la regi\u00f3n.Ser una empresa reconocida por su calidad, de constante crecimiento e innovaci\u00f3n, con la finalidad [&hellip;]<\/p>\n","protected":false},"author":1,"featured_media":0,"parent":0,"menu_order":0,"comment_status":"closed","ping_status":"closed","template":"","meta":{"_et_pb_use_builder":"on","_et_pb_old_content":"","_et_gb_content_width":"","footnotes":""},"class_list":["post-28","page","type-page","status-publish","hentry"],"aioseo_notices":[],"_links":{"self":[{"href":"https:\/\/sidradoranna.com.mx\/index.php\/wp-json\/wp\/v2\/pages\/28","targetHints":{"allow":["GET"]}}],"collection":[{"href":"https:\/\/sidradoranna.com.mx\/index.php\/wp-json\/wp\/v2\/pages"}],"about":[{"href":"https:\/\/sidradoranna.com.mx\/index.php\/wp-json\/wp\/v2\/types\/page"}],"author":[{"embeddable":true,"href":"https:\/\/sidradoranna.com.mx\/index.php\/wp-json\/wp\/v2\/users\/1"}],"replies":[{"embeddable":true,"href":"https:\/\/sidradoranna.com.mx\/index.php\/wp-json\/wp\/v2\/comments?post=28"}],"version-history":[{"count":11,"href":"https:\/\/sidradoranna.com.mx\/index.php\/wp-json\/wp\/v2\/pages\/28\/revisions"}],"predecessor-version":[{"id":137,"href":"https:\/\/sidradoranna.com.mx\/index.php\/wp-json\/wp\/v2\/pages\/28\/revisions\/137"}],"wp:attachment":[{"href":"https:\/\/sidradoranna.com.mx\/index.php\/wp-json\/wp\/v2\/media?parent=28"}],"curies":[{"name":"wp","href":"https:\/\/api.w.org\/{rel}","templated":true}]}}