{"id":10,"date":"2023-11-10T23:27:53","date_gmt":"2023-11-10T23:27:53","guid":{"rendered":"https:\/\/sidradoranna.com.mx\/?page_id=10"},"modified":"2026-02-12T18:29:28","modified_gmt":"2026-02-12T18:29:28","slug":"fabrica-de-sidra-2","status":"publish","type":"page","link":"https:\/\/sidradoranna.com.mx\/","title":{"rendered":"Inicio"},"content":{"rendered":"<p>[et_pb_section fb_built=\u00bb1&#8243; _builder_version=\u00bb4.22.1&#8243; _module_preset=\u00bbdefault\u00bb background_video_mp4=\u00bbhttps:\/\/sidradoranna.com.mx\/wp-content\/uploads\/2023\/11\/Sidra-Doranna.mp4&#8243; min_height=\u00bb604px\u00bb custom_padding=\u00bb0px||405px||false|false\u00bb global_colors_info=\u00bb{}\u00bb][et_pb_row _builder_version=\u00bb4.22.1&#8243; _module_preset=\u00bbdefault\u00bb global_colors_info=\u00bb{}\u00bb][et_pb_column type=\u00bb4_4&#8243; _builder_version=\u00bb4.22.1&#8243; _module_preset=\u00bbdefault\u00bb global_colors_info=\u00bb{}\u00bb][et_pb_heading title=\u00bbF\u00e1brica de Sidra\u00bb _builder_version=\u00bb4.23.1&#8243; _module_preset=\u00bbdefault\u00bb title_font=\u00bbJosefin Sans||||||||\u00bb title_text_align=\u00bbcenter\u00bb title_text_color=\u00bb#FFFFFF\u00bb title_font_size=\u00bb43px\u00bb global_colors_info=\u00bb{}\u00bb][\/et_pb_heading][\/et_pb_column][\/et_pb_row][\/et_pb_section][et_pb_section fb_built=\u00bb1&#8243; _builder_version=\u00bb4.22.1&#8243; _module_preset=\u00bbdefault\u00bb background_color=\u00bb#474747&#8243; global_colors_info=\u00bb{}\u00bb][et_pb_row column_structure=\u00bb1_2,1_2&#8243; _builder_version=\u00bb4.22.1&#8243; _module_preset=\u00bbdefault\u00bb global_colors_info=\u00bb{}\u00bb][et_pb_column type=\u00bb1_2&#8243; _builder_version=\u00bb4.22.1&#8243; _module_preset=\u00bbdefault\u00bb global_colors_info=\u00bb{}\u00bb][et_pb_heading title=\u00bbSin\u00f3nimo de Calidad\u00bb _builder_version=\u00bb4.22.1&#8243; _module_preset=\u00bbdefault\u00bb title_level=\u00bbh2&#8243; title_text_align=\u00bbcenter\u00bb title_text_color=\u00bb#DFB758&#8243; title_font_size=\u00bb22px\u00bb global_colors_info=\u00bb{}\u00bb][\/et_pb_heading][et_pb_image src=\u00bbhttps:\/\/sidradoranna.com.mx\/wp-content\/uploads\/2023\/11\/DORANNA-COREL.png\u00bb alt=\u00bbsidra natural huejotzingo\u00bb title_text=\u00bbsidra natural\u00bb align=\u00bbcenter\u00bb _builder_version=\u00bb4.22.1&#8243; _module_preset=\u00bbdefault\u00bb width=\u00bb45%\u00bb global_colors_info=\u00bb{}\u00bb][\/et_pb_image][et_pb_text _builder_version=\u00bb4.22.1&#8243; _module_preset=\u00bbdefault\u00bb text_text_color=\u00bb#DFB758&#8243; text_font_size=\u00bb12px\u00bb global_colors_info=\u00bb{}\u00bb]<\/p>\n<p style=\"text-align: center;\">ELABORAMOS NUESTROS PRODUCTOS CON EL M\u00c1S ALTO EST\u00c1NDAR DE CALIDAD Y CON TECNOLOG\u00cdA DE PUNTA RAZ\u00d3N POR LA CUAL NOS PERMITE OFRECER UN PRODUCTO DE CALIDAD Y A UN PRECIO INIGUALABLE.<\/p>\n<p>[\/et_pb_text][\/et_pb_column][et_pb_column type=\u00bb1_2&#8243; _builder_version=\u00bb4.22.1&#8243; _module_preset=\u00bbdefault\u00bb global_colors_info=\u00bb{}\u00bb][et_pb_heading title=\u00bb60 a\u00f1os de experiencia\u00bb _builder_version=\u00bb4.22.1&#8243; _module_preset=\u00bbdefault\u00bb title_level=\u00bbh2&#8243; title_text_align=\u00bbcenter\u00bb title_text_color=\u00bb#DFB758&#8243; title_font_size=\u00bb22px\u00bb global_colors_info=\u00bb{}\u00bb][\/et_pb_heading][et_pb_image src=\u00bbhttps:\/\/sidradoranna.com.mx\/wp-content\/uploads\/2023\/11\/DORANNA.png\u00bb alt=\u00bbsidra en Puebla\u00bb title_text=\u00bbDORANNA sidra\u00bb _builder_version=\u00bb4.22.1&#8243; _module_preset=\u00bbdefault\u00bb width=\u00bb45%\u00bb module_alignment=\u00bbcenter\u00bb global_colors_info=\u00bb{}\u00bb][\/et_pb_image][et_pb_text _builder_version=\u00bb4.22.1&#8243; _module_preset=\u00bbdefault\u00bb text_text_color=\u00bb#DFB758&#8243; text_font_size=\u00bb12px\u00bb global_colors_info=\u00bb{}\u00bb]<\/p>\n<p style=\"text-align: center;\">HOY EN D\u00cdA, CON TODA ESTA EXPERIENCIA DETR\u00c1S, SE FABRICA, ELABORA, ENVASA, ALMACENA Y COMERCIALIZA LA NUEVA SIDRA DORANNA, CON EL RESPALDO Y EXPERIENCIA DE M\u00c1S DE 60 A\u00d1OS DE TRADICI\u00d3N.<\/p>\n<p>[\/et_pb_text][\/et_pb_column][\/et_pb_row][\/et_pb_section][et_pb_section fb_built=\u00bb1&#8243; _builder_version=\u00bb4.22.1&#8243; _module_preset=\u00bbdefault\u00bb background_color=\u00bb#474747&#8243; custom_padding=\u00bb0px||||false|false\u00bb global_colors_info=\u00bb{}\u00bb][et_pb_row _builder_version=\u00bb4.22.1&#8243; _module_preset=\u00bbdefault\u00bb global_colors_info=\u00bb{}\u00bb][et_pb_column type=\u00bb4_4&#8243; _builder_version=\u00bb4.22.1&#8243; _module_preset=\u00bbdefault\u00bb global_colors_info=\u00bb{}\u00bb][et_pb_heading title=\u00bbHistoria de la sidra\u00bb _builder_version=\u00bb4.22.1&#8243; _module_preset=\u00bbdefault\u00bb title_level=\u00bbh2&#8243; title_text_align=\u00bbcenter\u00bb title_text_color=\u00bb#DFB758&#8243; global_colors_info=\u00bb{}\u00bb][\/et_pb_heading][\/et_pb_column][\/et_pb_row][\/et_pb_section][et_pb_section fb_built=\u00bb1&#8243; _builder_version=\u00bb4.22.1&#8243; _module_preset=\u00bbdefault\u00bb background_color=\u00bb#474747&#8243; custom_padding=\u00bb0px||||false|false\u00bb global_colors_info=\u00bb{}\u00bb][et_pb_row _builder_version=\u00bb4.22.1&#8243; _module_preset=\u00bbdefault\u00bb global_colors_info=\u00bb{}\u00bb][et_pb_column type=\u00bb4_4&#8243; _builder_version=\u00bb4.22.1&#8243; _module_preset=\u00bbdefault\u00bb global_colors_info=\u00bb{}\u00bb][et_pb_text _builder_version=\u00bb4.22.1&#8243; _module_preset=\u00bbdefault\u00bb text_text_color=\u00bb#DFB758&#8243; global_colors_info=\u00bb{}\u00bb]<\/p>\n<p>La llegada de la sidra a M\u00e9xico fue con los espa\u00f1oles, quienes impartieron a los oriundos las t\u00e9cnicas y procedimientos requeridos para tener como resultado este delicioso l\u00edquido, y sin imaginarlo, se estaba originando un legado que pasar\u00eda de generaci\u00f3n a generaci\u00f3n para su elaboraci\u00f3n.<\/p>\n<p>Uno de estos lugares es Huejotzingo, ciudad poblana que se encuentra cerca de la falda de la sierra Nevada, en donde familias enteras han pasado religiosamente a sus descendientes la pasi\u00f3n por hacer un producto artesanal y de calidad; la famosa sidra de Huejotzingo.<\/p>\n<p>[\/et_pb_text][\/et_pb_column][\/et_pb_row][et_pb_row column_structure=\u00bb1_4,1_4,1_4,1_4&#8243; _builder_version=\u00bb4.22.1&#8243; _module_preset=\u00bbdefault\u00bb global_colors_info=\u00bb{}\u00bb][et_pb_column type=\u00bb1_4&#8243; _builder_version=\u00bb4.22.1&#8243; _module_preset=\u00bbdefault\u00bb global_colors_info=\u00bb{}\u00bb][et_pb_image src=\u00bbhttps:\/\/sidradoranna.com.mx\/wp-content\/uploads\/2023\/11\/base-mision-2.png\u00bb alt=\u00bbSidra en Huejotzingo\u00bb title_text=\u00bbSidra Doranna\u00bb _builder_version=\u00bb4.22.1&#8243; _module_preset=\u00bbdefault\u00bb global_colors_info=\u00bb{}\u00bb][\/et_pb_image][\/et_pb_column][et_pb_column type=\u00bb1_4&#8243; _builder_version=\u00bb4.22.1&#8243; _module_preset=\u00bbdefault\u00bb global_colors_info=\u00bb{}\u00bb][et_pb_image src=\u00bbhttps:\/\/sidradoranna.com.mx\/wp-content\/uploads\/2023\/11\/base-mision-3.png\u00bb alt=\u00bbsidra en puebla\u00bb title_text=\u00bbsidra natural\u00bb _builder_version=\u00bb4.22.1&#8243; _module_preset=\u00bbdefault\u00bb global_colors_info=\u00bb{}\u00bb][\/et_pb_image][\/et_pb_column][et_pb_column type=\u00bb1_4&#8243; _builder_version=\u00bb4.22.1&#8243; _module_preset=\u00bbdefault\u00bb global_colors_info=\u00bb{}\u00bb][et_pb_image src=\u00bbhttps:\/\/sidradoranna.com.mx\/wp-content\/uploads\/2023\/11\/base-mision-4.png\u00bb alt=\u00bbsidra natural y rosada\u00bb title_text=\u00bbsidras natural y rosada\u00bb _builder_version=\u00bb4.22.1&#8243; _module_preset=\u00bbdefault\u00bb global_colors_info=\u00bb{}\u00bb][\/et_pb_image][\/et_pb_column][et_pb_column type=\u00bb1_4&#8243; _builder_version=\u00bb4.22.1&#8243; _module_preset=\u00bbdefault\u00bb global_colors_info=\u00bb{}\u00bb][et_pb_image src=\u00bbhttps:\/\/sidradoranna.com.mx\/wp-content\/uploads\/2023\/11\/base-mision1.png\u00bb alt=\u00bbsidra natural\u00bb title_text=\u00bbsidra natural\u00bb _builder_version=\u00bb4.22.1&#8243; _module_preset=\u00bbdefault\u00bb global_colors_info=\u00bb{}\u00bb][\/et_pb_image][\/et_pb_column][\/et_pb_row][\/et_pb_section]<\/p>\n","protected":false},"excerpt":{"rendered":"<p>ELABORAMOS NUESTROS PRODUCTOS CON EL M\u00c1S ALTO EST\u00c1NDAR DE CALIDAD Y CON TECNOLOG\u00cdA DE PUNTA RAZ\u00d3N POR LA CUAL NOS PERMITE OFRECER UN PRODUCTO DE CALIDAD Y A UN PRECIO INIGUALABLE.HOY EN D\u00cdA, CON TODA ESTA EXPERIENCIA DETR\u00c1S, SE FABRICA, ELABORA, ENVASA, ALMACENA Y COMERCIALIZA LA NUEVA SIDRA DORANNA, CON EL RESPALDO Y EXPERIENCIA DE [&hellip;]<\/p>\n","protected":false},"author":1,"featured_media":0,"parent":0,"menu_order":0,"comment_status":"closed","ping_status":"closed","template":"","meta":{"_et_pb_use_builder":"on","_et_pb_old_content":"","_et_gb_content_width":"","footnotes":""},"class_list":["post-10","page","type-page","status-publish","hentry"],"aioseo_notices":[],"_links":{"self":[{"href":"https:\/\/sidradoranna.com.mx\/index.php\/wp-json\/wp\/v2\/pages\/10","targetHints":{"allow":["GET"]}}],"collection":[{"href":"https:\/\/sidradoranna.com.mx\/index.php\/wp-json\/wp\/v2\/pages"}],"about":[{"href":"https:\/\/sidradoranna.com.mx\/index.php\/wp-json\/wp\/v2\/types\/page"}],"author":[{"embeddable":true,"href":"https:\/\/sidradoranna.com.mx\/index.php\/wp-json\/wp\/v2\/users\/1"}],"replies":[{"embeddable":true,"href":"https:\/\/sidradoranna.com.mx\/index.php\/wp-json\/wp\/v2\/comments?post=10"}],"version-history":[{"count":8,"href":"https:\/\/sidradoranna.com.mx\/index.php\/wp-json\/wp\/v2\/pages\/10\/revisions"}],"predecessor-version":[{"id":158,"href":"https:\/\/sidradoranna.com.mx\/index.php\/wp-json\/wp\/v2\/pages\/10\/revisions\/158"}],"wp:attachment":[{"href":"https:\/\/sidradoranna.com.mx\/index.php\/wp-json\/wp\/v2\/media?parent=10"}],"curies":[{"name":"wp","href":"https:\/\/api.w.org\/{rel}","templated":true}]}}